{"id":2736,"date":"2021-08-28T13:29:51","date_gmt":"2021-08-28T10:29:51","guid":{"rendered":"http:\/\/csmpascani.ro\/?page_id=2736"},"modified":"2024-02-20T12:59:44","modified_gmt":"2024-02-20T10:59:44","slug":"legislatie-locala","status":"publish","type":"page","link":"https:\/\/csmpascani.ro\/index.php\/documente\/legislatie-locala\/","title":{"rendered":"HOT\u0102R\u00c2RILE DE CONSILIUL LOCAL"},"content":{"rendered":"\r\n<table class=\"table table-hover\" border=\"0\" cellspacing=\"0\" cellpadding=\"2\">\r\n<tbody>\r\n<tr valign=\"top\">\r\n<td><a href=\"https:\/\/csmpascani.ro\/wp-content\/uploads\/2024\/02\/Hotararea-Nr.-20.pdf\"><b>HOT\u0102R\u00c2REA nr. 20 din data de 05.02.2024 privind aprobarea Bugetului de Venituri \u0219i Cheltuieli al Clubului Sportiv Municipal Pa\u0219cani \u0219i a Listei Obiectivelor de Investi\u021bii pe anul 2024<\/b><\/a><\/td>\r\n<\/tr>\r\n<\/tbody>\r\n<\/table>\r\n<p>&nbsp;<\/p>\r\n<p><a href=\"https:\/\/csmpascani.ro\/wp-content\/uploads\/2024\/02\/Hotararea-Nr.-92.pdf\"><b>HOT\u0102R\u00c2REA nr. 92 din data de 09.06.2023 privind stabilirea salariilor de baz\u0103 pentru func\u021biile contractuale din cadrul Clubului Sportiv Municipal Pa\u0219cani<\/b><\/a><\/p>\r\n<p><a href=\"https:\/\/csmpascani.ro\/wp-content\/uploads\/2024\/02\/Hotararea-Nr.-13.pdf\"><b>HOT\u0102R\u00c2REA nr. 13 din data de 31.01.2023 privind aprobarea Bugetului de venituri \u0219i cheltuieli al Clubului Sportiv Municipal Pa\u0219cani \u0219i a Listei Obiectivelor de Investi\u021bii pe anul 2023<\/b><\/a><\/p>\r\n<p>&nbsp;<\/p>\r\n","protected":false},"excerpt":{"rendered":"<p>HOT\u0102R\u00c2REA nr. 20 din data de 05.02.2024 privind aprobarea Bugetului de Venituri \u0219i Cheltuieli al Clubului Sportiv Municipal Pa\u0219cani \u0219i a Listei Obiectivelor de Investi\u021bii pe anul 2024 &nbsp; HOT\u0102R\u00c2REA nr. 92 din data de 09.06.2023 privind stabilirea salariilor de baz\u0103 pentru func\u021biile contractuale din cadrul Clubului Sportiv Municipal Pa\u0219cani HOT\u0102R\u00c2REA nr. 13 din data [&hellip;]<\/p>\n","protected":false},"author":1,"featured_media":0,"parent":1597,"menu_order":0,"comment_status":"closed","ping_status":"closed","template":"","meta":{"_exactmetrics_skip_tracking":false,"_exactmetrics_sitenote_active":false,"_exactmetrics_sitenote_note":"","_exactmetrics_sitenote_category":0,"amp_status":"","footnotes":""},"class_list":["post-2736","page","type-page","status-publish","hentry"],"aioseo_notices":[],"_links":{"self":[{"href":"https:\/\/csmpascani.ro\/index.php\/wp-json\/wp\/v2\/pages\/2736","targetHints":{"allow":["GET"]}}],"collection":[{"href":"https:\/\/csmpascani.ro\/index.php\/wp-json\/wp\/v2\/pages"}],"about":[{"href":"https:\/\/csmpascani.ro\/index.php\/wp-json\/wp\/v2\/types\/page"}],"author":[{"embeddable":true,"href":"https:\/\/csmpascani.ro\/index.php\/wp-json\/wp\/v2\/users\/1"}],"replies":[{"embeddable":true,"href":"https:\/\/csmpascani.ro\/index.php\/wp-json\/wp\/v2\/comments?post=2736"}],"version-history":[{"count":36,"href":"https:\/\/csmpascani.ro\/index.php\/wp-json\/wp\/v2\/pages\/2736\/revisions"}],"predecessor-version":[{"id":4086,"href":"https:\/\/csmpascani.ro\/index.php\/wp-json\/wp\/v2\/pages\/2736\/revisions\/4086"}],"up":[{"embeddable":true,"href":"https:\/\/csmpascani.ro\/index.php\/wp-json\/wp\/v2\/pages\/1597"}],"wp:attachment":[{"href":"https:\/\/csmpascani.ro\/index.php\/wp-json\/wp\/v2\/media?parent=2736"}],"curies":[{"name":"wp","href":"https:\/\/api.w.org\/{rel}","templated":true}]}}