{"id":3031,"date":"2021-09-29T09:24:40","date_gmt":"2021-09-29T06:24:40","guid":{"rendered":"https:\/\/csmpascani.ro\/?page_id=3031"},"modified":"2025-10-16T10:56:55","modified_gmt":"2025-10-16T07:56:55","slug":"program-u19","status":"publish","type":"page","link":"https:\/\/csmpascani.ro\/index.php\/program-u19\/","title":{"rendered":"PROGRAM U19"},"content":{"rendered":"<table class=\"table_meciuri_w\" width=\"100%\">\n<tbody>\n<tr class=\"odd\">\n<td width=\"18%\">Duminica, 24 August 2025, 10:00<\/td>\n<td class=\"left-team\" width=\"36%\">\n<div class=\"col-lg-1 col-md-2\"><a href=\"https:\/\/www.frf-ajf.ro\/iasi\/echipe\/csm-pacani-2092.html\"><img loading=\"lazy\" decoding=\"async\" class=\"img-responsive matchListTeamImg alignleft\" src=\"https:\/\/www.frf-ajf.ro\/upload\/echipe\/2092.jpg\" alt=\"CSM Pa\u0219cani\" width=\"70\" height=\"119\" \/><\/a><\/div>\n<p><a href=\"https:\/\/www.frf-ajf.ro\/iasi\/echipe\/csm-pacani-2092.html\">CSM Pa\u0219cani<\/a><\/p>\n<div class=\"col-lg-1 col-md-2\"><\/div>\n<div class=\"col-lg-4 col-md-3 text-left matchTeamList\"><\/div>\n<\/td>\n<td class=\"scor\" width=\"7%\"><a href=\"https:\/\/www.frf-ajf.ro\/iasi\/meciuri\/csm-pacani-cs-viitorul-hrlu-1133873.html\">11 &#8211; 1<\/a><\/td>\n<td class=\"right-team\" width=\"36%\"><a href=\"https:\/\/www.frf-ajf.ro\/iasi\/echipe\/cs-viitorul-hrlu-2050.html\">CS Viitorul H\u00e2rl\u0103u<\/a><a href=\"https:\/\/www.frf-ajf.ro\/iasi\/echipe\/cs-viitorul-hrlu-2050.html\"><img loading=\"lazy\" decoding=\"async\" class=\"img-responsive matchListTeamImg alignright\" src=\"https:\/\/www.frf-ajf.ro\/upload\/echipe\/2050.jpg\" alt=\"CS Viitorul H\u00e2rl\u0103u\" width=\"56\" height=\"84\" \/><\/a><\/td>\n<\/tr>\n<\/tbody>\n<\/table>\n<table class=\"table_meciuri_w\" width=\"100%\">\n<tbody>\n<tr class=\"even\">\n<td width=\"18%\">Duminica, 31 August 2025, 10:00<\/td>\n<td class=\"left-team\" width=\"36%\">\n<div class=\"col-lg-4 col-md-3 text-right matchTeamList\"><a href=\"https:\/\/www.frf-ajf.ro\/iasi\/echipe\/as-unirea-ruginoasa-2058.html\">AS Unirea Ruginoasa<\/a><\/div>\n<div class=\"col-lg-1 col-md-2\"><a href=\"https:\/\/www.frf-ajf.ro\/iasi\/echipe\/as-unirea-ruginoasa-2058.html\"><img loading=\"lazy\" decoding=\"async\" class=\"img-responsive matchListTeamImg alignleft\" src=\"https:\/\/www.frf-ajf.ro\/upload\/echipe\/2058.jpg\" alt=\"AS Unirea Ruginoasa\" width=\"76\" height=\"98\" \/><\/a><\/div>\n<div class=\"col-lg-2 col-md-2 text-center matchScoreList\"><\/div>\n<div class=\"col-lg-1 col-md-2\"><\/div>\n<\/td>\n<td class=\"scor\" width=\"7%\"><a href=\"https:\/\/www.frf-ajf.ro\/iasi\/meciuri\/as-unirea-ruginoasa-csm-pacani-1133876.html\">3 &#8211; 1<\/a><\/td>\n<td class=\"right-team\" width=\"36%\"><a href=\"https:\/\/www.frfotbal.ro\/echipa.php?id=3287\">CSM Pa\u015fcani<\/a><a href=\"https:\/\/www.frf-ajf.ro\/iasi\/echipe\/csm-pacani-2092.html\"><img loading=\"lazy\" decoding=\"async\" class=\"img-responsive matchListTeamImg alignright\" src=\"https:\/\/www.frf-ajf.ro\/upload\/echipe\/2092.jpg\" alt=\"CSM Pa\u0219cani\" width=\"62\" height=\"106\" \/><\/a><\/td>\n<\/tr>\n<\/tbody>\n<\/table>\n<table class=\"table_meciuri_w\" width=\"100%\">\n<tbody>\n<tr class=\"odd\">\n<td width=\"18%\">Duminica, 28 Septembrie 2025, 10:00<\/td>\n<td class=\"left-team\" width=\"36%\">\n<div class=\"col-lg-4 col-md-3 text-right matchTeamList\"><a href=\"https:\/\/www.frf-ajf.ro\/iasi\/echipe\/cs-moldova-cristeti-2093.html\">CS Moldova Criste\u0219ti<\/a><\/div>\n<div class=\"col-lg-1 col-md-2\"><a href=\"https:\/\/www.frf-ajf.ro\/iasi\/echipe\/cs-moldova-cristeti-2093.html\"><img loading=\"lazy\" decoding=\"async\" class=\"img-responsive matchListTeamImg alignleft\" src=\"https:\/\/www.frf-ajf.ro\/upload\/echipe\/2093.jpg\" alt=\"CS Moldova Criste\u0219ti\" width=\"109\" height=\"107\" \/><\/a><\/div>\n<\/td>\n<td class=\"scor\" width=\"7%\"><a href=\"https:\/\/www.frf-ajf.ro\/iasi\/meciuri\/cs-moldova-cristeti-csm-pacani-1133883.html\">1 &#8211; 4<\/a><\/td>\n<td class=\"right-team\" width=\"36%\"><a href=\"https:\/\/www.frfotbal.ro\/echipa.php?id=3287\">CSM Pa\u015fcani<\/a><a href=\"https:\/\/www.frf-ajf.ro\/iasi\/echipe\/csm-pacani-2092.html\"><img loading=\"lazy\" decoding=\"async\" class=\"img-responsive matchListTeamImg alignright\" src=\"https:\/\/www.frf-ajf.ro\/upload\/echipe\/2092.jpg\" alt=\"CSM Pa\u0219cani\" width=\"62\" height=\"106\" \/><\/a><\/td>\n<\/tr>\n<\/tbody>\n<\/table>\n<table class=\"table_meciuri_w\" width=\"100%\">\n<tbody>\n<tr class=\"even\">\n<td width=\"18%\">Duminica, 19 Octombrie 2025, 10:00<\/td>\n<td class=\"left-team\" width=\"36%\">\n<div class=\"col-lg-4 col-md-3 text-right matchTeamList\"><a href=\"https:\/\/www.frf-ajf.ro\/iasi\/echipe\/acs-gloria-blai-2057.html\">ACS Gloria B\u0103l\u021ba\u021bi<\/a><\/div>\n<div class=\"col-lg-1 col-md-2\"><a href=\"https:\/\/www.frf-ajf.ro\/iasi\/echipe\/acs-gloria-blai-2057.html\"><img loading=\"lazy\" decoding=\"async\" class=\"img-responsive matchListTeamImg alignleft\" src=\"https:\/\/www.frf-ajf.ro\/upload\/echipe\/2057.jpg\" alt=\"ACS Gloria B\u0103l\u021ba\u021bi\" width=\"77\" height=\"98\" \/><\/a><\/div>\n<\/td>\n<td class=\"scor\" width=\"7%\">=<\/td>\n<td class=\"right-team\" width=\"36%\"><a href=\"https:\/\/www.frfotbal.ro\/echipa.php?id=3287\">CSM Pa\u015fcani<\/a><a href=\"https:\/\/www.frf-ajf.ro\/iasi\/echipe\/csm-pacani-2092.html\"><img loading=\"lazy\" decoding=\"async\" class=\"img-responsive matchListTeamImg alignright\" src=\"https:\/\/www.frf-ajf.ro\/upload\/echipe\/2092.jpg\" alt=\"CSM Pa\u0219cani\" width=\"62\" height=\"106\" \/><\/a><\/td>\n<\/tr>\n<\/tbody>\n<\/table>\n<table class=\"table_meciuri_w\" width=\"100%\">\n<tbody>\n<tr class=\"even\">\n<td width=\"18%\">Duminica, 2 Noiembrie 2025, 10:00<\/td>\n<td class=\"left-team\" width=\"36%\">\n<div class=\"col-lg-4 col-md-3 text-right matchTeamList\"><a href=\"https:\/\/www.frf-ajf.ro\/iasi\/echipe\/as-progresul-deleni-2955.html\">AS Progresul Deleni<\/a><\/div>\n<div class=\"col-lg-1 col-md-2\"><a href=\"https:\/\/www.frf-ajf.ro\/iasi\/echipe\/as-progresul-deleni-2955.html\"><img loading=\"lazy\" decoding=\"async\" class=\"img-responsive matchListTeamImg alignleft\" src=\"https:\/\/www.frf-ajf.ro\/upload\/echipe\/2955.jpg\" alt=\"AS Progresul Deleni\" width=\"87\" height=\"111\" \/><\/a><\/div>\n<\/td>\n<td class=\"scor\" width=\"7%\">&#8211;<\/td>\n<td class=\"right-team\" width=\"36%\"><a href=\"https:\/\/www.frfotbal.ro\/echipa.php?id=3287\">CSM Pa\u015fcani <\/a><a href=\"https:\/\/www.frf-ajf.ro\/iasi\/echipe\/csm-pacani-2092.html\"><img loading=\"lazy\" decoding=\"async\" class=\"img-responsive matchListTeamImg alignright\" src=\"https:\/\/www.frf-ajf.ro\/upload\/echipe\/2092.jpg\" alt=\"CSM Pa\u0219cani\" width=\"62\" height=\"106\" \/><\/a><\/td>\n<\/tr>\n<\/tbody>\n<\/table>\n<table class=\"table_meciuri_w\" width=\"100%\">\n<tbody>\n<tr class=\"even\">\n<td width=\"18%\">Duminica, 9 Noiembrie 2025, 10:00<\/td>\n<td class=\"left-team\" width=\"36%\">\n<div class=\"col-lg-4 col-md-3 text-right matchTeamList\"><a href=\"https:\/\/www.frf-ajf.ro\/iasi\/echipe\/csm-pacani-2092.html\">CSM Pa\u0219cani<\/a><\/div>\n<div class=\"col-lg-1 col-md-2\"><a href=\"https:\/\/www.frf-ajf.ro\/iasi\/echipe\/csm-pacani-2092.html\"><img loading=\"lazy\" decoding=\"async\" class=\"img-responsive matchListTeamImg alignleft\" src=\"https:\/\/www.frf-ajf.ro\/upload\/echipe\/2092.jpg\" alt=\"CSM Pa\u0219cani\" width=\"77\" height=\"131\" \/><\/a><\/div>\n<\/td>\n<td class=\"scor\" width=\"7%\"><a href=\"https:\/\/www.frfotbal.ro\/infoMeci.php?game_id=150701\">&#8211;<\/a><\/td>\n<td class=\"right-team\" width=\"36%\">\n<div class=\"col-lg-1 col-md-2\"><a href=\"https:\/\/www.frf-ajf.ro\/iasi\/echipe\/cs-viitorul-belceti-9727.html\"><img loading=\"lazy\" decoding=\"async\" class=\"img-responsive matchListTeamImg alignright\" src=\"https:\/\/www.frf-ajf.ro\/upload\/echipe\/9727.jpg\" alt=\"CS Viitorul Belce\u0219ti\" width=\"101\" height=\"126\" \/><\/a><\/div>\n<div class=\"col-lg-4 col-md-3 text-left matchTeamList\"><a href=\"https:\/\/www.frf-ajf.ro\/iasi\/echipe\/cs-viitorul-belceti-9727.html\">CS Viitorul Belce\u0219ti<\/a><\/div>\n<\/td>\n<\/tr>\n<\/tbody>\n<\/table>\n<table class=\"table_meciuri_w\" width=\"100%\">\n<tbody>\n<tr class=\"odd\">\n<td width=\"18%\">Duminica, 23 Noiembrie 2025, 10:00<\/td>\n<td class=\"left-team\" width=\"36%\">\n<div class=\"col-lg-4 col-md-3 text-right matchTeamList\"><a href=\"https:\/\/www.frf-ajf.ro\/iasi\/echipe\/cs-viitorul-hrlu-2050.html\">C<\/a><a href=\"https:\/\/www.frf-ajf.ro\/iasi\/echipe\/cs-viitorul-hrlu-2050.html\"><img loading=\"lazy\" decoding=\"async\" class=\"img-responsive matchListTeamImg alignleft\" src=\"https:\/\/www.frf-ajf.ro\/upload\/echipe\/2050.jpg\" alt=\"CS Viitorul H\u00e2rl\u0103u\" width=\"75\" height=\"113\" \/><\/a><a href=\"https:\/\/www.frf-ajf.ro\/iasi\/echipe\/cs-viitorul-hrlu-2050.html\">S Viitorul H\u00e2rl\u0103u<\/a><\/div>\n<div class=\"col-lg-1 col-md-2\"><\/div>\n<\/td>\n<td class=\"scor\" width=\"7%\"><a href=\"https:\/\/www.frfotbal.ro\/infoMeci.php?game_id=150711\">&#8211;<\/a><\/td>\n<td class=\"right-team\" width=\"36%\">\n<div class=\"col-lg-1 col-md-2\"><a href=\"https:\/\/www.frf-ajf.ro\/iasi\/echipe\/csm-pacani-2092.html\"><img loading=\"lazy\" decoding=\"async\" class=\"img-responsive matchListTeamImg alignright\" src=\"https:\/\/www.frf-ajf.ro\/upload\/echipe\/2092.jpg\" alt=\"CSM Pa\u0219cani\" width=\"68\" height=\"116\" \/><\/a><\/div>\n<div class=\"col-lg-4 col-md-3 text-left matchTeamList\"><a href=\"https:\/\/www.frf-ajf.ro\/iasi\/echipe\/csm-pacani-2092.html\">CSM Pa\u0219cani<\/a><\/div>\n<\/td>\n<\/tr>\n<\/tbody>\n<\/table>\n<p>&nbsp;<\/p>\n","protected":false},"excerpt":{"rendered":"<p>Duminica, 24 August 2025, 10:00 CSM Pa\u0219cani 11 &#8211; 1 CS Viitorul H\u00e2rl\u0103u Duminica, 31 August 2025, 10:00 AS Unirea Ruginoasa 3 &#8211; 1 CSM Pa\u015fcani Duminica, 28 Septembrie 2025, 10:00 CS Moldova Criste\u0219ti 1 &#8211; 4 CSM Pa\u015fcani Duminica, 19 Octombrie 2025, 10:00 ACS Gloria B\u0103l\u021ba\u021bi = CSM Pa\u015fcani Duminica, 2 Noiembrie 2025, 10:00 [&hellip;]<\/p>\n","protected":false},"author":1,"featured_media":2602,"parent":0,"menu_order":0,"comment_status":"closed","ping_status":"closed","template":"","meta":{"_exactmetrics_skip_tracking":false,"_exactmetrics_sitenote_active":false,"_exactmetrics_sitenote_note":"","_exactmetrics_sitenote_category":0,"amp_status":"","footnotes":""},"class_list":["post-3031","page","type-page","status-publish","has-post-thumbnail","hentry"],"aioseo_notices":[],"_links":{"self":[{"href":"https:\/\/csmpascani.ro\/index.php\/wp-json\/wp\/v2\/pages\/3031","targetHints":{"allow":["GET"]}}],"collection":[{"href":"https:\/\/csmpascani.ro\/index.php\/wp-json\/wp\/v2\/pages"}],"about":[{"href":"https:\/\/csmpascani.ro\/index.php\/wp-json\/wp\/v2\/types\/page"}],"author":[{"embeddable":true,"href":"https:\/\/csmpascani.ro\/index.php\/wp-json\/wp\/v2\/users\/1"}],"replies":[{"embeddable":true,"href":"https:\/\/csmpascani.ro\/index.php\/wp-json\/wp\/v2\/comments?post=3031"}],"version-history":[{"count":11,"href":"https:\/\/csmpascani.ro\/index.php\/wp-json\/wp\/v2\/pages\/3031\/revisions"}],"predecessor-version":[{"id":4680,"href":"https:\/\/csmpascani.ro\/index.php\/wp-json\/wp\/v2\/pages\/3031\/revisions\/4680"}],"wp:featuredmedia":[{"embeddable":true,"href":"https:\/\/csmpascani.ro\/index.php\/wp-json\/wp\/v2\/media\/2602"}],"wp:attachment":[{"href":"https:\/\/csmpascani.ro\/index.php\/wp-json\/wp\/v2\/media?parent=3031"}],"curies":[{"name":"wp","href":"https:\/\/api.w.org\/{rel}","templated":true}]}}